{"id":5547,"date":"2025-03-02T02:48:43","date_gmt":"2025-03-02T02:48:43","guid":{"rendered":"https:\/\/toctocme.com\/?post_type=product&#038;p=5547"},"modified":"2025-03-02T10:29:40","modified_gmt":"2025-03-02T10:29:40","slug":"cours-en-groupe","status":"publish","type":"product","link":"https:\/\/toctocme.com\/academy\/product\/cours-en-groupe\/","title":{"rendered":"Cours en Groupe"},"content":{"rendered":"<p>Avec nos <strong>cours en groupe<\/strong>, votre enfant b\u00e9n\u00e9ficiera d&rsquo;une exp\u00e9rience d&rsquo;apprentissage interactive et collaborative, tout en partageant les sessions avec un maximum de <strong>5 \u00e9l\u00e8ves<\/strong>. Ce format encourage l\u2019apprentissage par l\u2019\u00e9change d\u2019id\u00e9es, l\u2019interaction sociale, et la motivation collective, tout en assurant un suivi individuel pour chaque \u00e9l\u00e8ve. Parfait pour les enfants qui aiment apprendre en groupe tout en d\u00e9veloppant leurs comp\u00e9tences sociales.<\/p>\n<p>Nos <strong>fonctionnalit\u00e9s cl\u00e9s<\/strong> incluent :<\/p>\n<ul>\n<li><strong>Enseignement collaboratif<\/strong> : Les \u00e9l\u00e8ves apprennent ensemble dans un environnement stimulant, favorisant la communication et l&rsquo;entraide.<\/li>\n<li><strong>Petit groupe<\/strong> : Classes r\u00e9duites \u00e0 5 enfants maximum, garantissant que chaque \u00e9l\u00e8ve re\u00e7oit l\u2019attention n\u00e9cessaire.<\/li>\n<li><strong>Cours interactifs<\/strong> : Utilisation de jeux, de discussions et d&rsquo;activit\u00e9s pour un apprentissage ludique et engageant.<\/li>\n<li><strong>Progression partag\u00e9e<\/strong> : Les enfants apprennent les uns des autres tout en suivant un programme structur\u00e9.<\/li>\n<\/ul>\n<p>Nos cours en groupe offrent une approche \u00e9quilibr\u00e9e entre apprentissage acad\u00e9mique et d\u00e9veloppement social, tout en maintenant une <strong>flexibilit\u00e9 horaire<\/strong> pour les familles occup\u00e9es.<\/p>\n","protected":false},"excerpt":{"rendered":"<ul>\n<li>Petits groupes de 5 enfants maximum<\/li>\n<li>2 jours par semaine = 8 sessions par mois<\/li>\n<li>Environnement d&rsquo;apprentissage collaboratif et interactif<\/li>\n<li>Horaires flexibles en fonction des disponibilit\u00e9s du groupe<\/li>\n<li>Cours dispens\u00e9s via Zoom<\/li>\n<li>Con\u00e7u pour les enfants de 0 \u00e0 12 ans<\/li>\n<\/ul>\n<p>Une fois votre abonnement souscrit, vous recevrez un formulaire d&rsquo;\u00e9valuation par email. Ce formulaire vous permettra de s\u00e9lectionner les jours et horaires qui vous conviennent, ainsi que de fournir les informations n\u00e9cessaires pour personnaliser l&rsquo;exp\u00e9rience d&rsquo;apprentissage de votre enfant.<\/p>\n","protected":false},"featured_media":2633,"comment_status":"open","ping_status":"closed","template":"","meta":{"pmpro_default_level":""},"product_brand":[],"product_cat":[15],"product_tag":[],"class_list":{"0":"post-5547","1":"product","2":"type-product","3":"status-publish","4":"has-post-thumbnail","6":"product_cat-abonnement-aux-cours","7":"pmpro-has-access","9":"first","10":"instock","11":"sold-individually","12":"purchasable","13":"product-type-simple"},"etheme_brands":{"errors":{"invalid_taxonomy":["Taxonomie non valide."]},"error_data":[]},"_links":{"self":[{"href":"https:\/\/toctocme.com\/academy\/wp-json\/wp\/v2\/product\/5547","targetHints":{"allow":["GET"]}}],"collection":[{"href":"https:\/\/toctocme.com\/academy\/wp-json\/wp\/v2\/product"}],"about":[{"href":"https:\/\/toctocme.com\/academy\/wp-json\/wp\/v2\/types\/product"}],"replies":[{"embeddable":true,"href":"https:\/\/toctocme.com\/academy\/wp-json\/wp\/v2\/comments?post=5547"}],"version-history":[{"count":0,"href":"https:\/\/toctocme.com\/academy\/wp-json\/wp\/v2\/product\/5547\/revisions"}],"wp:featuredmedia":[{"embeddable":true,"href":"https:\/\/toctocme.com\/academy\/wp-json\/wp\/v2\/media\/2633"}],"wp:attachment":[{"href":"https:\/\/toctocme.com\/academy\/wp-json\/wp\/v2\/media?parent=5547"}],"wp:term":[{"taxonomy":"product_brand","embeddable":true,"href":"https:\/\/toctocme.com\/academy\/wp-json\/wp\/v2\/product_brand?post=5547"},{"taxonomy":"product_cat","embeddable":true,"href":"https:\/\/toctocme.com\/academy\/wp-json\/wp\/v2\/product_cat?post=5547"},{"taxonomy":"product_tag","embeddable":true,"href":"https:\/\/toctocme.com\/academy\/wp-json\/wp\/v2\/product_tag?post=5547"}],"curies":[{"name":"wp","href":"https:\/\/api.w.org\/{rel}","templated":true}]}}