{"id":5544,"date":"2025-03-02T02:48:31","date_gmt":"2025-03-02T02:48:31","guid":{"rendered":"https:\/\/toctocme.com\/?post_type=product&#038;p=5544"},"modified":"2025-03-02T03:09:40","modified_gmt":"2025-03-02T03:09:40","slug":"option-familiale","status":"publish","type":"product","link":"https:\/\/toctocme.com\/academy\/product\/option-familiale\/","title":{"rendered":"Option Familiale"},"content":{"rendered":"<ul>\n<li>L&rsquo;<strong>Option Familiale<\/strong> est con\u00e7ue pour les familles avec plusieurs enfants, offrant des <strong>r\u00e9ductions avantageuses pour les fr\u00e8res et s\u0153urs<\/strong> inscrits ensemble. Ce programme flexible permet \u00e0 chaque enfant de suivre des cours adapt\u00e9s \u00e0 son niveau tout en apprenant avec ses fr\u00e8res et s\u0153urs, dans un environnement familial harmonieux. Nos enseignants s&rsquo;assurent que chaque enfant progresse \u00e0 son propre rythme, que ce soit en cours individuels ou en groupe.<\/li>\n<\/ul>\n<p>Nos <strong>fonctionnalit\u00e9s cl\u00e9s<\/strong> incluent :<\/p>\n<ul>\n<li><strong>R\u00e9duction familiale<\/strong> : Des offres sp\u00e9ciales pour les familles, avec des r\u00e9ductions pour les fr\u00e8res et s\u0153urs inscrits.<\/li>\n<li><strong>Programme flexible<\/strong> : Choisissez entre des cours en t\u00eate-\u00e0-t\u00eate ou en groupe, selon les besoins de vos enfants.<\/li>\n<li><strong>Suivi personnalis\u00e9<\/strong> : Des rapports d\u00e9taill\u00e9s sur les progr\u00e8s de chaque enfant, envoy\u00e9s directement aux parents.<\/li>\n<li><strong>Ressources vari\u00e9es<\/strong> : Acc\u00e8s \u00e0 des ressources p\u00e9dagogiques interactives adapt\u00e9es \u00e0 chaque niveau.<\/li>\n<\/ul>\n<p>L&rsquo;Option Familiale est id\u00e9ale pour les familles cherchant \u00e0 int\u00e9grer plusieurs enfants dans un programme d&rsquo;apprentissage flexible, tout en b\u00e9n\u00e9ficiant d&rsquo;avantages \u00e9conomiques.<\/p>\n","protected":false},"excerpt":{"rendered":"<ul>\n<li>Deux fr\u00e8res et s\u0153urs dans la m\u00eame session \u00e0 prix r\u00e9duit.<\/li>\n<li>2 jours par semaine = 8 sessions par mois<\/li>\n<li>Horaires flexibles pour r\u00e9pondre aux besoins de la famille<\/li>\n<li>Cours dispens\u00e9s via Zoom<\/li>\n<li>Con\u00e7u pour les enfants de 0 \u00e0 17 ans<\/li>\n<\/ul>\n<p>Une fois votre abonnement souscrit, vous recevrez un formulaire d&rsquo;\u00e9valuation par email. Ce formulaire vous permettra de s\u00e9lectionner les jours et horaires qui vous conviennent, ainsi que de fournir les informations n\u00e9cessaires pour personnaliser l&rsquo;exp\u00e9rience d&rsquo;apprentissage de votre enfant.<\/p>\n","protected":false},"featured_media":2634,"comment_status":"open","ping_status":"closed","template":"","meta":{"pmpro_default_level":""},"product_brand":[],"product_cat":[15],"product_tag":[],"class_list":{"0":"post-5544","1":"product","2":"type-product","3":"status-publish","4":"has-post-thumbnail","6":"product_cat-abonnement-aux-cours","7":"pmpro-has-access","9":"first","10":"instock","11":"sold-individually","12":"purchasable","13":"product-type-simple"},"etheme_brands":{"errors":{"invalid_taxonomy":["Taxonomie non valide."]},"error_data":[]},"_links":{"self":[{"href":"https:\/\/toctocme.com\/academy\/wp-json\/wp\/v2\/product\/5544","targetHints":{"allow":["GET"]}}],"collection":[{"href":"https:\/\/toctocme.com\/academy\/wp-json\/wp\/v2\/product"}],"about":[{"href":"https:\/\/toctocme.com\/academy\/wp-json\/wp\/v2\/types\/product"}],"replies":[{"embeddable":true,"href":"https:\/\/toctocme.com\/academy\/wp-json\/wp\/v2\/comments?post=5544"}],"version-history":[{"count":0,"href":"https:\/\/toctocme.com\/academy\/wp-json\/wp\/v2\/product\/5544\/revisions"}],"wp:featuredmedia":[{"embeddable":true,"href":"https:\/\/toctocme.com\/academy\/wp-json\/wp\/v2\/media\/2634"}],"wp:attachment":[{"href":"https:\/\/toctocme.com\/academy\/wp-json\/wp\/v2\/media?parent=5544"}],"wp:term":[{"taxonomy":"product_brand","embeddable":true,"href":"https:\/\/toctocme.com\/academy\/wp-json\/wp\/v2\/product_brand?post=5544"},{"taxonomy":"product_cat","embeddable":true,"href":"https:\/\/toctocme.com\/academy\/wp-json\/wp\/v2\/product_cat?post=5544"},{"taxonomy":"product_tag","embeddable":true,"href":"https:\/\/toctocme.com\/academy\/wp-json\/wp\/v2\/product_tag?post=5544"}],"curies":[{"name":"wp","href":"https:\/\/api.w.org\/{rel}","templated":true}]}}