{"id":5534,"date":"2025-03-02T02:40:08","date_gmt":"2025-03-02T02:40:08","guid":{"rendered":"https:\/\/toctocme.com\/?post_type=product&#038;p=5534"},"modified":"2025-03-02T03:08:35","modified_gmt":"2025-03-02T03:08:35","slug":"cours-en-tete-a-tete","status":"publish","type":"product","link":"https:\/\/toctocme.com\/academy\/product\/cours-en-tete-a-tete\/","title":{"rendered":"Cours en T\u00eate-\u00e0-T\u00eate"},"content":{"rendered":"<p>Donnez \u00e0 votre enfant une attention exclusive avec nos <strong>cours en t\u00eate-\u00e0-t\u00eate<\/strong>, con\u00e7us pour r\u00e9pondre sp\u00e9cifiquement aux besoins individuels de chaque \u00e9l\u00e8ve. Ce programme personnalis\u00e9 met l&rsquo;accent sur un apprentissage sur mesure, o\u00f9 un enseignant qualifi\u00e9 adapte chaque le\u00e7on aux capacit\u00e9s et au rythme d\u2019apprentissage de votre enfant. Gr\u00e2ce \u00e0 une <strong>flexibilit\u00e9 totale dans les horaires<\/strong>, nos cours sont parfaits pour les familles ayant un emploi du temps charg\u00e9.<\/p>\n<p>Nos <strong>fonctionnalit\u00e9s cl\u00e9s<\/strong> incluent :<\/p>\n<ul>\n<li><strong>Programme personnalis\u00e9<\/strong> : Cours adapt\u00e9s aux comp\u00e9tences et aux besoins sp\u00e9cifiques de chaque enfant.<\/li>\n<li><strong>Suivi de progr\u00e8s<\/strong> : Un rapport r\u00e9gulier sur les progr\u00e8s de votre enfant, avec des suggestions d&rsquo;am\u00e9lioration.<\/li>\n<li><strong>Ressources p\u00e9dagogiques compl\u00e8tes<\/strong> : Acc\u00e8s \u00e0 des supports interactifs et \u00e9ducatifs pour rendre chaque session captivante.<\/li>\n<li><strong>Horaires flexibles<\/strong> : S\u00e9lectionnez les horaires qui conviennent le mieux \u00e0 votre famille.<\/li>\n<\/ul>\n<p>Que ce soit pour l&rsquo;apprentissage de l\u2019arabe, du Coran, ou de l\u2019\u00e9ducation islamique, les cours en t\u00eate-\u00e0-t\u00eate garantissent un accompagnement d\u00e9di\u00e9 et une progression rapide.<\/p>\n","protected":false},"excerpt":{"rendered":"<ul>\n<li>2 jours par semaine = 8 sessions par mois<\/li>\n<li>Approche individualis\u00e9e en t\u00eate-\u00e0-t\u00eate<\/li>\n<li>Horaires flexibles selon vos disponibilit\u00e9s<\/li>\n<li>Cours dispens\u00e9s via Zoom<\/li>\n<li>Le\u00e7ons interactives et engageantes pour les enfants de 0 \u00e0 17 ans<\/li>\n<\/ul>\n<p>Une fois votre abonnement souscrit, vous recevrez un formulaire d&rsquo;\u00e9valuation par email. Ce formulaire vous permettra de s\u00e9lectionner les jours et horaires qui vous conviennent, ainsi que de fournir les informations n\u00e9cessaires pour personnaliser l&rsquo;exp\u00e9rience d&rsquo;apprentissage de votre enfant.<\/p>\n","protected":false},"featured_media":2635,"comment_status":"open","ping_status":"closed","template":"","meta":{"pmpro_default_level":""},"product_brand":[],"product_cat":[15],"product_tag":[],"class_list":{"0":"post-5534","1":"product","2":"type-product","3":"status-publish","4":"has-post-thumbnail","6":"product_cat-abonnement-aux-cours","7":"pmpro-has-access","9":"first","10":"instock","11":"sold-individually","12":"purchasable","13":"product-type-simple"},"etheme_brands":{"errors":{"invalid_taxonomy":["Taxonomie non valide."]},"error_data":[]},"_links":{"self":[{"href":"https:\/\/toctocme.com\/academy\/wp-json\/wp\/v2\/product\/5534","targetHints":{"allow":["GET"]}}],"collection":[{"href":"https:\/\/toctocme.com\/academy\/wp-json\/wp\/v2\/product"}],"about":[{"href":"https:\/\/toctocme.com\/academy\/wp-json\/wp\/v2\/types\/product"}],"replies":[{"embeddable":true,"href":"https:\/\/toctocme.com\/academy\/wp-json\/wp\/v2\/comments?post=5534"}],"version-history":[{"count":0,"href":"https:\/\/toctocme.com\/academy\/wp-json\/wp\/v2\/product\/5534\/revisions"}],"wp:featuredmedia":[{"embeddable":true,"href":"https:\/\/toctocme.com\/academy\/wp-json\/wp\/v2\/media\/2635"}],"wp:attachment":[{"href":"https:\/\/toctocme.com\/academy\/wp-json\/wp\/v2\/media?parent=5534"}],"wp:term":[{"taxonomy":"product_brand","embeddable":true,"href":"https:\/\/toctocme.com\/academy\/wp-json\/wp\/v2\/product_brand?post=5534"},{"taxonomy":"product_cat","embeddable":true,"href":"https:\/\/toctocme.com\/academy\/wp-json\/wp\/v2\/product_cat?post=5534"},{"taxonomy":"product_tag","embeddable":true,"href":"https:\/\/toctocme.com\/academy\/wp-json\/wp\/v2\/product_tag?post=5534"}],"curies":[{"name":"wp","href":"https:\/\/api.w.org\/{rel}","templated":true}]}}