{"id":4214,"date":"2024-10-10T23:19:23","date_gmt":"2024-10-10T23:19:23","guid":{"rendered":"https:\/\/toctocme.com\/product\/quran-speaker-reading-pen\/"},"modified":"2024-10-11T20:40:28","modified_gmt":"2024-10-11T20:40:28","slug":"stylo-de-lecture-coranique-avec-haut-parleur-integre-design-elegant","status":"publish","type":"product","link":"https:\/\/toctocme.com\/academy\/product\/stylo-de-lecture-coranique-avec-haut-parleur-integre-design-elegant\/","title":{"rendered":"Stylo de Lecture Coranique avec Haut-Parleur Int\u00e9gr\u00e9 \u2013 Design \u00c9l\u00e9gant"},"content":{"rendered":"<p>D\u00e9couvrez le stylo de lecture coranique, un accessoire \u00e9l\u00e9gant et pratique pour faciliter la r\u00e9citation du Coran. Con\u00e7u en alliage d&rsquo;aluminium, ce stylo est \u00e9quip\u00e9 d&rsquo;un haut-parleur int\u00e9gr\u00e9 qui diffuse un son clair et puissant. Sa batterie lithium rechargeable offre plus de 4 heures de fonctionnement apr\u00e8s une charge compl\u00e8te. Il se connecte facilement \u00e0 un PC via USB, permettant une utilisation polyvalente. Avec une conception ergonomique et une fonction d&rsquo;arr\u00eat automatique apr\u00e8s 3 minutes d&rsquo;inactivit\u00e9, ce stylo allie fonctionnalit\u00e9 et design raffin\u00e9.<\/p>\n<p><strong>Caract\u00e9ristiques principales :<\/strong><\/p>\n<ul>\n<li><strong>Mat\u00e9riau :<\/strong> Alliage d&rsquo;aluminium<\/li>\n<li><strong>Haut-parleur int\u00e9gr\u00e9 :<\/strong> Son clair et puissant<\/li>\n<li><strong>Batterie lithium rechargeable :<\/strong> Autonomie de plus de 4 heures<\/li>\n<li><strong>Connexion PC :<\/strong> Compatible via USB<\/li>\n<li><strong>Temp\u00e9rature de fonctionnement :<\/strong> De -45\u00b0C \u00e0 +45\u00b0C<\/li>\n<li><strong>Fonction d&rsquo;arr\u00eat automatique :<\/strong> Apr\u00e8s 3 minutes d&rsquo;inactivit\u00e9<\/li>\n<\/ul>\n","protected":false},"excerpt":{"rendered":"<p>Stylo de lecture coranique avec haut-parleur int\u00e9gr\u00e9 et batterie rechargeable. Son clair et puissant, compatible PC via USB, id\u00e9al pour une r\u00e9citation facile.<\/p>\n<p>&nbsp;<\/p>\n","protected":false},"featured_media":4207,"comment_status":"open","ping_status":"closed","template":"","meta":{"pmpro_default_level":""},"product_brand":[],"product_cat":[82],"product_tag":[],"class_list":{"0":"post-4214","1":"product","2":"type-product","3":"status-publish","4":"has-post-thumbnail","6":"product_cat-produits-du-quotidien","7":"pmpro-has-access","9":"first","10":"instock","11":"taxable","12":"shipping-taxable","13":"purchasable","14":"product-type-variable"},"etheme_brands":{"errors":{"invalid_taxonomy":["Taxonomie non valide."]},"error_data":[]},"_links":{"self":[{"href":"https:\/\/toctocme.com\/academy\/wp-json\/wp\/v2\/product\/4214","targetHints":{"allow":["GET"]}}],"collection":[{"href":"https:\/\/toctocme.com\/academy\/wp-json\/wp\/v2\/product"}],"about":[{"href":"https:\/\/toctocme.com\/academy\/wp-json\/wp\/v2\/types\/product"}],"replies":[{"embeddable":true,"href":"https:\/\/toctocme.com\/academy\/wp-json\/wp\/v2\/comments?post=4214"}],"version-history":[{"count":0,"href":"https:\/\/toctocme.com\/academy\/wp-json\/wp\/v2\/product\/4214\/revisions"}],"wp:featuredmedia":[{"embeddable":true,"href":"https:\/\/toctocme.com\/academy\/wp-json\/wp\/v2\/media\/4207"}],"wp:attachment":[{"href":"https:\/\/toctocme.com\/academy\/wp-json\/wp\/v2\/media?parent=4214"}],"wp:term":[{"taxonomy":"product_brand","embeddable":true,"href":"https:\/\/toctocme.com\/academy\/wp-json\/wp\/v2\/product_brand?post=4214"},{"taxonomy":"product_cat","embeddable":true,"href":"https:\/\/toctocme.com\/academy\/wp-json\/wp\/v2\/product_cat?post=4214"},{"taxonomy":"product_tag","embeddable":true,"href":"https:\/\/toctocme.com\/academy\/wp-json\/wp\/v2\/product_tag?post=4214"}],"curies":[{"name":"wp","href":"https:\/\/api.w.org\/{rel}","templated":true}]}}