{"id":4085,"date":"2024-10-10T23:12:36","date_gmt":"2024-10-10T23:12:36","guid":{"rendered":"https:\/\/toctocme.com\/product\/muslim-ladies-hijab-skirt-suit-prayer-dress\/"},"modified":"2024-10-11T21:16:51","modified_gmt":"2024-10-11T21:16:51","slug":"ensemble-robe-de-priere-pour-femmes-musulmanes-avec-hijab","status":"publish","type":"product","link":"https:\/\/toctocme.com\/academy\/product\/ensemble-robe-de-priere-pour-femmes-musulmanes-avec-hijab\/","title":{"rendered":"Ensemble Robe de Pri\u00e8re pour Femmes Musulmanes avec Hijab"},"content":{"rendered":"<p>Cet ensemble de pri\u00e8re \u00e9l\u00e9gant pour femmes est con\u00e7u pour allier modestie, confort et style. Il comprend une robe longue fluide et un hijab assorti, fabriqu\u00e9s en polyester de haute qualit\u00e9 (81%-90%) pour une douceur et une l\u00e9g\u00e8ret\u00e9 optimales. Id\u00e9al pour les moments de pri\u00e8re, cet ensemble est parfait pour une utilisation quotidienne gr\u00e2ce \u00e0 son design moderne et pratique.<\/p>\n<p><strong>Caract\u00e9ristiques principales :<\/strong><\/p>\n<ul>\n<li><strong>Composition principale :<\/strong> 81%-90% polyester<\/li>\n<li><strong>Ensemble :<\/strong> Robe longue avec hijab assorti<\/li>\n<li><strong>Confort :<\/strong> Tissu l\u00e9ger et respirant<\/li>\n<li><strong>Guide des tailles :<\/strong> Les tailles asiatiques sont 1 \u00e0 2 tailles plus petites que les tailles europ\u00e9ennes et am\u00e9ricaines. Si vous h\u00e9sitez entre deux tailles, choisissez la plus grande. Veuillez v\u00e9rifier le tableau des tailles avant achat.<\/li>\n<\/ul>\n<p><strong>Remarques :<\/strong><\/p>\n<ol>\n<li>Les tailles asiatiques sont plus petites que les tailles europ\u00e9ennes et am\u00e9ricaines. Si vous \u00eates entre deux tailles, optez pour la taille sup\u00e9rieure.<\/li>\n<li>Veuillez consulter attentivement le tableau des tailles avant l&rsquo;achat. Si vous avez besoin d&rsquo;aide, notre service client est \u00e0 votre disposition.<\/li>\n<li>La couleur de l&rsquo;article peut varier l\u00e9g\u00e8rement selon les r\u00e9glages de votre \u00e9cran.<\/li>\n<\/ol>\n<p>&nbsp;<\/p>\n<p><img decoding=\"async\" style=\"max-width: 100%;\" src=\"https:\/\/cf.cjdropshipping.com\/20a06eda-fd7b-42cd-8a77-eba455a35cb1.png\" alt=\"- Cours d&#039;Arabe\" title=\"- Cours d&#039;Arabe\"><\/p>\n<p>&nbsp;<\/p>\n","protected":false},"excerpt":{"rendered":"<p>Ensemble de pri\u00e8re pour femmes comprenant une robe longue et un hijab. Confectionn\u00e9 en polyester (81%-90%), parfait pour un confort et une \u00e9l\u00e9gance durant la pri\u00e8re.<\/p>\n","protected":false},"featured_media":4084,"comment_status":"open","ping_status":"closed","template":"","meta":{"pmpro_default_level":""},"product_brand":[],"product_cat":[82],"product_tag":[],"class_list":{"0":"post-4085","1":"product","2":"type-product","3":"status-publish","4":"has-post-thumbnail","6":"product_cat-produits-du-quotidien","7":"pmpro-has-access","9":"first","10":"instock","11":"taxable","12":"shipping-taxable","13":"purchasable","14":"product-type-variable"},"etheme_brands":{"errors":{"invalid_taxonomy":["Taxonomie non valide."]},"error_data":[]},"_links":{"self":[{"href":"https:\/\/toctocme.com\/academy\/wp-json\/wp\/v2\/product\/4085","targetHints":{"allow":["GET"]}}],"collection":[{"href":"https:\/\/toctocme.com\/academy\/wp-json\/wp\/v2\/product"}],"about":[{"href":"https:\/\/toctocme.com\/academy\/wp-json\/wp\/v2\/types\/product"}],"replies":[{"embeddable":true,"href":"https:\/\/toctocme.com\/academy\/wp-json\/wp\/v2\/comments?post=4085"}],"version-history":[{"count":0,"href":"https:\/\/toctocme.com\/academy\/wp-json\/wp\/v2\/product\/4085\/revisions"}],"wp:featuredmedia":[{"embeddable":true,"href":"https:\/\/toctocme.com\/academy\/wp-json\/wp\/v2\/media\/4084"}],"wp:attachment":[{"href":"https:\/\/toctocme.com\/academy\/wp-json\/wp\/v2\/media?parent=4085"}],"wp:term":[{"taxonomy":"product_brand","embeddable":true,"href":"https:\/\/toctocme.com\/academy\/wp-json\/wp\/v2\/product_brand?post=4085"},{"taxonomy":"product_cat","embeddable":true,"href":"https:\/\/toctocme.com\/academy\/wp-json\/wp\/v2\/product_cat?post=4085"},{"taxonomy":"product_tag","embeddable":true,"href":"https:\/\/toctocme.com\/academy\/wp-json\/wp\/v2\/product_tag?post=4085"}],"curies":[{"name":"wp","href":"https:\/\/api.w.org\/{rel}","templated":true}]}}